{"id":19,"date":"2021-10-16T20:31:31","date_gmt":"2021-10-16T18:31:31","guid":{"rendered":"http:\/\/jakubiakoswiata.pl\/przedszkole2\/?page_id=19"},"modified":"2022-05-13T12:37:26","modified_gmt":"2022-05-13T10:37:26","slug":"o-nas-przedszkole","status":"publish","type":"page","link":"https:\/\/www.jakubiakprzedszkole.com.pl\/index.php\/o-nas-przedszkole\/","title":{"rendered":"Przedszkole"},"content":{"rendered":"<p><strong>Prywatne Przedszkole Magdaleny Jakubiak dzia\u0142a od lipca 2002 roku.<\/strong> Jest plac\u00f3wk\u0105, kt\u00f3ra realizuje program przedszkolny zatwierdzony przez MEN, ale r\u00f3wnie\u017c programy autorskie o profilu j\u0119zykowym i artystycznym. To przedszkole dla dzieci w wieku od 2-6 lat, kt\u00f3re pragn\u0105 rozwija\u0107 lub doskonali\u0107 zdolno\u015bci w zakresie muzyki, ta\u0144ca, plastyki czy zabawy w teatr. Codzienny kontakt dziecka z j. angielskim od grupy najm\u0142odszej w towarzystwie swoich r\u00f3wie\u015bnik\u00f3w to doskona\u0142a metoda przygotowuj\u0105ca dziecko do podj\u0119cia nauki j\u0119zyka obcego.<\/p>\n<p>&nbsp;<\/p>\n<p>Pami\u0119tajmy, \u017ce <strong>dziecko rodzi si\u0119 wszechstronnie uzdolnione,<\/strong> posiada potencjaln\u0105 i wybitn\u0105 inteligencj\u0119, zadatki na rozwijanie wszelkiej tw\u00f3rczo\u015bci oraz du\u017cy talent spo\u0142eczny. Dlatego nasza plac\u00f3wka stara si\u0119 stworzy\u0107 dzieciom dogodne warunki do rozwoju tych uzdolnie\u0144.<\/p>\n<p>&nbsp;<\/p>\n<p><strong> Jednym z g\u0142\u00f3wnych atut\u00f3w naszego przedszkola jest <\/strong> atmosfera przypominaj\u0105ca ciep\u0142o rodzinne. Szczeg\u00f3ln\u0105 uwag\u0119 zwracamy na proces adaptacji &#8211; dlatego traktowany jest on b. indywidualnie. Dzi\u0119ki temu dzieci zachowuj\u0105 poczucie bezpiecze\u0144stwa i szybko akceptuj\u0105 nowe \u015brodowisko.<\/p>\n<p><strong>Ju\u017c o 2 roku \u017cycia dzieci<\/strong> s\u0105 przygotowywane do nauki czytania i liczenia. Wprowadzili\u015bmy nowe metody nauki poprzez zabaw\u0119, rozwijaj\u0105c motoryke ma\u0142\u0105 i du\u017c\u0105.<\/p>\n<p>&nbsp;<\/p>\n<p>&nbsp;<\/p>\n<p><span style=\"color: #339966;\">\u00a0\u00a0<\/span><span style=\"color: #ff0000;\">\u00a0 <\/span><strong><span style=\"color: #ff0000;\">PRYWATNE PRZEDSZKOLE MAGDALENY JAKUBIAK JEST MIEJSCEM, W KT\u00d3RYM DZIECI CZUJ\u0104 SI\u0118 SZCZ\u0118\u015aLIWE, AKCEPTOWANE, SPE\u0141NIONE I NAJWA\u017bNIEJSZE !<\/span><\/strong><\/p>\n<p>&nbsp;<\/p>\n<section id=\"bezpieczenstwo\">\n<h1>Bezpiecze\u0144stwo dzieci<\/h1>\n<p align=\"justify\">Bezpiecze\u0144stwo dzieci jest naszym sta\u0142ym priorytetem.<\/p>\n<ul>\n<li>\n<p align=\"justify\">Dzi\u0119ki fachowej i troskliwej opiece wykwalifikowanych wychowawc\u00f3w, dzieci czuj\u0105 si\u0119 u nas bezpiecznie, a Rodzice mog\u0105 je nam powierzy\u0107 i bez obaw powr\u00f3ci\u0107 do codziennych obowi\u0105zk\u00f3w.<\/p>\n<\/li>\n<li>\n<p align=\"justify\">Ca\u0142y nasz personel, pocz\u0105wszy od dyrekcji, a sko\u0144czywszy na paniach sprz\u0105taj\u0105cych, regularnie uczestniczy w szkoleniach BHP oraz kursach udzielania pierwszej pomocy. Jeste\u015bmy w ci\u0105g\u0142ym kontakcie z firm\u0105 szkol\u0105c\u0105 i w razie jakichkolwiek w\u0105tpliwo\u015bci mo\u017cemy liczy\u0107 na ich wsparcie.<\/p>\n<\/li>\n<li>\n<p align=\"justify\">Przyk\u0142adamy du\u017c\u0105 dba\u0142o\u015b\u0107 do zapewnienia dzieciom bezpiecznych i higienicznych warunk\u00f3w pobytu w naszych plac\u00f3wkach.<\/p>\n<\/li>\n<li>\n<p align=\"justify\">Systematycznie dezynfekujemy i odka\u017camy pomieszczenia.<\/p>\n<\/li>\n<li>\n<p align=\"justify\">Budynek, w kt\u00f3rym mieszcz\u0105 si\u0119 przedszkole i \u017c\u0142obek spe\u0142nia wszystkie wymogi bezpiecze\u0144stwa:<\/p>\n<\/li>\n<\/ul>\n<ul>\n<li>\n<p align=\"justify\">posiada sprawna instalacj\u0119 przeciwpo\u017carow\u0105,<\/p>\n<\/li>\n<li>\n<p align=\"justify\">klatka schodowa oddzielona jest drzwiami przeciwpo\u017carowymi,<\/p>\n<\/li>\n<li>\n<p align=\"justify\">dla podniesienia bezpiecze\u0144stwa na klatce zamontowane s\u0105 klapy dymne,<\/p>\n<\/li>\n<li>\n<p align=\"justify\">droga ewakuacyjna jest oznakowana,<\/p>\n<\/li>\n<li>\n<p align=\"justify\">zainstalowane jest o\u015bwietlenie ewakuacyjne i awaryjne,<\/p>\n<\/li>\n<li>\n<p align=\"justify\">zaplecze kuchenne spe\u0142nia wszystkie normy \u017cywienia zbiorowego.<\/p>\n<\/li>\n<\/ul>\n<ul>\n<li>\n<p align=\"justify\">Regularnie przeprowadzamy kontrole zapewniaj\u0105ce sprawny stan techniczny budynku, instalacji i wyposa\u017cenia.<\/p>\n<\/li>\n<li>\n<p align=\"justify\">Ka\u017cdego roku personel i dzieci w obecno\u015bci funkcjonariuszy Stra\u017cy Po\u017carnej uczestnicz\u0105 w \u0107wiczeniach ewakuacyjnych.<\/p>\n<\/li>\n<li>\n<p align=\"justify\">Nie zapominamy tak\u017ce, by przy ka\u017cdej nadarzaj\u0105cej si\u0119 okazji uczy\u0107 dzieci bezpiecznego i zdrowego funkcjonowania.<\/p>\n<\/li>\n<\/ul>\n<\/section>\n<section id=\"kadra\">\n<h1>Profesjonalna Kadra<\/h1>\n<p align=\"justify\">Wspania\u0142a, profesjonalna kadra to jeden z najcz\u0119\u015bciej podkre\u015blanych przez Rodzic\u00f3w atut\u00f3w naszych plac\u00f3wek, zar\u00f3wno przedszkola, jak i \u017c\u0142obka.<\/p>\n<ul>\n<li>\n<p align=\"justify\">Nasz zesp\u00f3\u0142 tworz\u0105 do\u015bwiadczeni nauczyciele, sprawdzeni specjali\u015bci oraz czynni zawodowo instruktorzy sportu, ta\u0144ca i muzyki <span style=\"color: #ff0000;\"><a href=\"http:\/\/www.jakubiakprzedszkole.com.pl\/index.php\/kadra\">Czytaj dalej<\/a>.<\/span><\/p>\n<\/li>\n<li>\n<p align=\"justify\">To osoby z wielkim sercem, oddane Dzieciom i pe\u0142ne inspiracji dla kszta\u0142cenia pasji i ugruntowywania talent\u00f3w naszych wychowank\u00f3w.<\/p>\n<\/li>\n<li>\n<p align=\"justify\">Wychowawcy posiadaj\u0105 pe\u0142ne kwalifikacje uprawniaj\u0105ce do pracy w przedszkolu wymagane przez MEiN, liczne kursy i szkolenia.<\/p>\n<\/li>\n<li>\n<p align=\"justify\">Ca\u0142a kadra s\u0142u\u017cy swoj\u0105 wiedz\u0105 i do\u015bwiadczeniem, wspieraj\u0105c Rodzic\u00f3w w ich trudach wychowawczych.<\/p>\n<\/li>\n<li>\n<p align=\"justify\">Nasi pracownicy systematycznie dbaj\u0105 o dalszy rozw\u00f3j zawodowy, bior\u0105 udzia\u0142 w nowoczesnych formach doskonalenia zawodowego oraz kursach i szkoleniach podnosz\u0105cych kwalifikacje zawodowe.<\/p>\n<\/li>\n<\/ul>\n<\/section>\n<section id=\"nauka_zabawa\">\n<h1>Nauka i zabawa<\/h1>\n<p>&#8230;<\/p>\n<\/section>\n<section id=\"posilki\">\n<h1>Zdrowe posi\u0142ki<\/h1>\n<p>&#8230;<\/p>\n<\/section>\n","protected":false},"excerpt":{"rendered":"<p>Prywatne Przedszkole Magdaleny Jakubiak dzia\u0142a od lipca 2002 roku. Jest plac\u00f3wk\u0105, kt\u00f3ra realizuje program przedszkolny zatwierdzony przez MEN, ale r\u00f3wnie\u017c programy autorskie o profilu j\u0119zykowym i artystycznym. To przedszkole dla dzieci w wieku od 2-6 lat, kt\u00f3re pragn\u0105 rozwija\u0107 lub doskonali\u0107 zdolno\u015bci w zakresie muzyki, ta\u0144ca, plastyki czy zabawy w teatr. Codzienny kontakt dziecka z j. angielskim od grupy najm\u0142odszej w towarzystwie swoich r\u00f3wie\u015bnik\u00f3w to doskona\u0142a metoda przygotowuj\u0105ca dziecko do podj\u0119cia nauki j\u0119zyka obcego. &nbsp; Pami\u0119tajmy, \u017ce dziecko rodzi si\u0119 wszechstronnie uzdolnione, posiada potencjaln\u0105 i wybitn\u0105 inteligencj\u0119, zadatki na rozwijanie wszelkiej tw\u00f3rczo\u015bci oraz du\u017cy talent spo\u0142eczny. Dlatego nasza plac\u00f3wka stara&#8230; <\/p>\n","protected":false},"author":1,"featured_media":18,"parent":0,"menu_order":0,"comment_status":"closed","ping_status":"closed","template":"","meta":{"footnotes":""},"class_list":["post-19","page","type-page","status-publish","has-post-thumbnail","hentry"],"_links":{"self":[{"href":"https:\/\/www.jakubiakprzedszkole.com.pl\/index.php\/wp-json\/wp\/v2\/pages\/19","targetHints":{"allow":["GET"]}}],"collection":[{"href":"https:\/\/www.jakubiakprzedszkole.com.pl\/index.php\/wp-json\/wp\/v2\/pages"}],"about":[{"href":"https:\/\/www.jakubiakprzedszkole.com.pl\/index.php\/wp-json\/wp\/v2\/types\/page"}],"author":[{"embeddable":true,"href":"https:\/\/www.jakubiakprzedszkole.com.pl\/index.php\/wp-json\/wp\/v2\/users\/1"}],"replies":[{"embeddable":true,"href":"https:\/\/www.jakubiakprzedszkole.com.pl\/index.php\/wp-json\/wp\/v2\/comments?post=19"}],"version-history":[{"count":6,"href":"https:\/\/www.jakubiakprzedszkole.com.pl\/index.php\/wp-json\/wp\/v2\/pages\/19\/revisions"}],"predecessor-version":[{"id":94,"href":"https:\/\/www.jakubiakprzedszkole.com.pl\/index.php\/wp-json\/wp\/v2\/pages\/19\/revisions\/94"}],"wp:featuredmedia":[{"embeddable":true,"href":"https:\/\/www.jakubiakprzedszkole.com.pl\/index.php\/wp-json\/wp\/v2\/media\/18"}],"wp:attachment":[{"href":"https:\/\/www.jakubiakprzedszkole.com.pl\/index.php\/wp-json\/wp\/v2\/media?parent=19"}],"curies":[{"name":"wp","href":"https:\/\/api.w.org\/{rel}","templated":true}]}}