{"id":80,"date":"2021-11-26T12:38:17","date_gmt":"2021-11-26T11:38:17","guid":{"rendered":"http:\/\/www.jakubiakprzedszkole.com.pl\/?page_id=80"},"modified":"2022-06-30T17:56:08","modified_gmt":"2022-06-30T15:56:08","slug":"kontakt","status":"publish","type":"page","link":"http:\/\/www.jakubiakprzedszkole.com.pl\/index.php\/kontakt\/","title":{"rendered":"Kontakt"},"content":{"rendered":"<p align=\"center\"><span style=\"color: #00b050;\">Prywatne Przedszkole Magdalena Jakubiak<\/span><\/p>\n<p align=\"center\"><span style=\"color: #00b050;\">\u017b\u0142obek <\/span><span style=\"color: #00b050;\"><i>T\u0119czowe Dzieci<\/i><\/span><\/p>\n<p align=\"center\"><span style=\"color: #00b050;\">Klub Dzieci\u0119cy Magdalena Jakubiak<\/span><\/p>\n<p align=\"center\"><a href=\"http:\/\/www.jakubiakprzedszkole.com.pl\/wp-content\/uploads\/2022\/06\/wejscie.png\"><img loading=\"lazy\" decoding=\"async\" class=\"alignnone wp-image-132 size-full\" src=\"http:\/\/www.jakubiakprzedszkole.com.pl\/wp-content\/uploads\/2022\/06\/wejscie.png\" alt=\"\" width=\"824\" height=\"550\" srcset=\"http:\/\/www.jakubiakprzedszkole.com.pl\/wp-content\/uploads\/2022\/06\/wejscie.png 824w, http:\/\/www.jakubiakprzedszkole.com.pl\/wp-content\/uploads\/2022\/06\/wejscie-300x200.png 300w, http:\/\/www.jakubiakprzedszkole.com.pl\/wp-content\/uploads\/2022\/06\/wejscie-768x513.png 768w, http:\/\/www.jakubiakprzedszkole.com.pl\/wp-content\/uploads\/2022\/06\/wejscie-600x400.png 600w\" sizes=\"auto, (max-width: 824px) 100vw, 824px\" \/><\/a><\/p>\n<p align=\"center\">Adres plac\u00f3wek:<\/p>\n<p align=\"center\">Ul. Dmowskiego 38 d<\/p>\n<p align=\"center\">97-300 Piotrk\u00f3w Trybunalski<\/p>\n<p align=\"center\"><a href=\"http:\/\/www.jakubiakprzedszkole.com.pl\/wp-content\/uploads\/2022\/06\/mapka.png\"><img loading=\"lazy\" decoding=\"async\" class=\"alignnone wp-image-133 size-full\" src=\"http:\/\/www.jakubiakprzedszkole.com.pl\/wp-content\/uploads\/2022\/06\/mapka.png\" alt=\"\" width=\"1074\" height=\"624\" srcset=\"http:\/\/www.jakubiakprzedszkole.com.pl\/wp-content\/uploads\/2022\/06\/mapka.png 1074w, http:\/\/www.jakubiakprzedszkole.com.pl\/wp-content\/uploads\/2022\/06\/mapka-300x174.png 300w, http:\/\/www.jakubiakprzedszkole.com.pl\/wp-content\/uploads\/2022\/06\/mapka-1024x595.png 1024w, http:\/\/www.jakubiakprzedszkole.com.pl\/wp-content\/uploads\/2022\/06\/mapka-768x446.png 768w\" sizes=\"auto, (max-width: 1074px) 100vw, 1074px\" \/><\/a><\/p>\n","protected":false},"excerpt":{"rendered":"<p>Prywatne Przedszkole Magdalena Jakubiak \u017b\u0142obek T\u0119czowe Dzieci Klub Dzieci\u0119cy Magdalena Jakubiak Adres plac\u00f3wek: Ul. Dmowskiego 38 d 97-300 Piotrk\u00f3w Trybunalski<\/p>\n","protected":false},"author":1,"featured_media":0,"parent":0,"menu_order":0,"comment_status":"closed","ping_status":"closed","template":"","meta":{"footnotes":""},"class_list":["post-80","page","type-page","status-publish","hentry"],"_links":{"self":[{"href":"http:\/\/www.jakubiakprzedszkole.com.pl\/index.php\/wp-json\/wp\/v2\/pages\/80","targetHints":{"allow":["GET"]}}],"collection":[{"href":"http:\/\/www.jakubiakprzedszkole.com.pl\/index.php\/wp-json\/wp\/v2\/pages"}],"about":[{"href":"http:\/\/www.jakubiakprzedszkole.com.pl\/index.php\/wp-json\/wp\/v2\/types\/page"}],"author":[{"embeddable":true,"href":"http:\/\/www.jakubiakprzedszkole.com.pl\/index.php\/wp-json\/wp\/v2\/users\/1"}],"replies":[{"embeddable":true,"href":"http:\/\/www.jakubiakprzedszkole.com.pl\/index.php\/wp-json\/wp\/v2\/comments?post=80"}],"version-history":[{"count":5,"href":"http:\/\/www.jakubiakprzedszkole.com.pl\/index.php\/wp-json\/wp\/v2\/pages\/80\/revisions"}],"predecessor-version":[{"id":136,"href":"http:\/\/www.jakubiakprzedszkole.com.pl\/index.php\/wp-json\/wp\/v2\/pages\/80\/revisions\/136"}],"wp:attachment":[{"href":"http:\/\/www.jakubiakprzedszkole.com.pl\/index.php\/wp-json\/wp\/v2\/media?parent=80"}],"curies":[{"name":"wp","href":"https:\/\/api.w.org\/{rel}","templated":true}]}}